{"id":7297,"date":"2025-05-28T22:55:36","date_gmt":"2025-05-29T01:55:36","guid":{"rendered":"https:\/\/melp.com.br\/?page_id=7297"},"modified":"2025-06-05T10:54:31","modified_gmt":"2025-06-05T13:54:31","slug":"servicosemlinhaviva","status":"publish","type":"page","link":"https:\/\/melp.com.br\/?page_id=7297","title":{"rendered":"servicosemlinhaviva"},"content":{"rendered":"\t\t<div data-elementor-type=\"wp-page\" data-elementor-id=\"7297\" class=\"elementor elementor-7297\">\n\t\t\t\t<div class=\"elementor-element elementor-element-72261603 e-flex e-con-boxed e-con e-parent\" data-id=\"72261603\" data-element_type=\"container\" data-e-type=\"container\" data-settings=\"{&quot;background_background&quot;:&quot;classic&quot;}\">\n\t\t\t\t\t<div class=\"e-con-inner\">\n\t\t\t\t<div class=\"elementor-element elementor-element-572c299a elementor-widget elementor-widget-heading\" data-id=\"572c299a\" data-element_type=\"widget\" data-e-type=\"widget\" data-widget_type=\"heading.default\">\n\t\t\t\t\t<h2 class=\"elementor-heading-title elementor-size-default\">servi\u00e7os em linha viva<\/h2>\t\t\t\t<\/div>\n\t\t\t\t<div class=\"elementor-element elementor-element-714388ad elementor-widget elementor-widget-text-editor\" data-id=\"714388ad\" data-element_type=\"widget\" data-e-type=\"widget\" data-widget_type=\"text-editor.default\">\n\t\t\t\t\t\t\t\t\t<p><a href=\"#\">Home<\/a> \/ servi\u00e7os<\/p>\t\t\t\t\t\t\t\t<\/div>\n\t\t\t\t\t<\/div>\n\t\t\t\t<\/div>\n\t\t<div class=\"elementor-element elementor-element-d40c4af e-flex e-con-boxed e-con e-parent\" data-id=\"d40c4af\" data-element_type=\"container\" data-e-type=\"container\">\n\t\t\t\t\t<div class=\"e-con-inner\">\n\t\t<div class=\"elementor-element elementor-element-7f625c6 e-con-full e-flex e-con e-child\" data-id=\"7f625c6\" data-element_type=\"container\" data-e-type=\"container\">\n\t\t\t\t<div class=\"elementor-element elementor-element-8b47f01 elementor-widget__width-initial elementor-widget elementor-widget-heading\" data-id=\"8b47f01\" data-element_type=\"widget\" data-e-type=\"widget\" data-widget_type=\"heading.default\">\n\t\t\t\t\t<h2 class=\"elementor-heading-title elementor-size-default\">servi\u00e7os em linha viva<\/h2>\t\t\t\t<\/div>\n\t\t<div class=\"elementor-element elementor-element-02a1b15 e-con-full e-flex e-con e-child\" data-id=\"02a1b15\" data-element_type=\"container\" data-e-type=\"container\">\n\t\t<div class=\"elementor-element elementor-element-4aa27ed e-con-full e-flex e-con e-child\" data-id=\"4aa27ed\" data-element_type=\"container\" data-e-type=\"container\">\n\t\t<div class=\"elementor-element elementor-element-6c87084 e-con-full e-flex e-con e-child\" data-id=\"6c87084\" data-element_type=\"container\" data-e-type=\"container\">\n\t\t<div class=\"elementor-element elementor-element-ec14ff9 e-con-full e-flex e-con e-child\" data-id=\"ec14ff9\" data-element_type=\"container\" data-e-type=\"container\">\n\t\t<div class=\"elementor-element elementor-element-b30e3a6 e-con-full e-flex e-con e-child\" data-id=\"b30e3a6\" data-element_type=\"container\" data-e-type=\"container\">\n\t\t<div class=\"elementor-element elementor-element-6a6dae6 e-con-full e-flex e-con e-child\" data-id=\"6a6dae6\" data-element_type=\"container\" data-e-type=\"container\">\n\t\t<div class=\"elementor-element elementor-element-4286ad3 e-con-full e-flex e-con e-child\" data-id=\"4286ad3\" data-element_type=\"container\" data-e-type=\"container\">\n\t\t\t\t<div class=\"elementor-element elementor-element-b2ee1d3 elementor-widget elementor-widget-heading\" data-id=\"b2ee1d3\" data-element_type=\"widget\" data-e-type=\"widget\" data-widget_type=\"heading.default\">\n\t\t\t\t\t<div class=\"elementor-heading-title elementor-size-default\">Melp engenharia <\/div>\t\t\t\t<\/div>\n\t\t\t\t<div class=\"elementor-element elementor-element-83ff52e animated-slow elementor-invisible elementor-widget elementor-widget-heading\" data-id=\"83ff52e\" data-element_type=\"widget\" data-e-type=\"widget\" data-settings=\"{&quot;_animation&quot;:&quot;fadeInUp&quot;}\" data-widget_type=\"heading.default\">\n\t\t\t\t\t<h3 class=\"elementor-heading-title elementor-size-default\">Servi\u00e7os em Linha Viva em Subesta\u00e7\u00f5es e Linhas de Transmiss\u00e3o<\/h3>\t\t\t\t<\/div>\n\t\t\t\t<div class=\"elementor-element elementor-element-b4e8330 elementor-vertical-align-middle elementor-widget elementor-widget-image-box\" data-id=\"b4e8330\" data-element_type=\"widget\" data-e-type=\"widget\" data-widget_type=\"image-box.default\">\n\t\t\t\t\t<div class=\"elementor-image-box-wrapper\"><div class=\"elementor-image-box-content\"><p class=\"elementor-image-box-description\">A MELP Engenharia oferece servi\u00e7os especializados em Linha Viva para subesta\u00e7\u00f5es e linhas de transmiss\u00e3o, garantindo a execu\u00e7\u00e3o de manuten\u00e7\u00f5es e interven\u00e7\u00f5es t\u00e9cnicas sem necessidade de desligamento do sistema. Essa modalidade de trabalho assegura maior confiabilidade, continuidade do fornecimento e redu\u00e7\u00e3o de custos associados a paradas programadas.\n\nAtendemos rigorosamente as normas de seguran\u00e7a e qualidade (NR-10, NR-35, NBR 16384, NBR 16385, IEEE 516, entre outras) e utilizamos equipamentos e t\u00e9cnicas de ponta para assegurar a integridade dos profissionais e a efici\u00eancia dos servi\u00e7os.\n<div><br><\/div><\/p><\/div><\/div>\t\t\t\t<\/div>\n\t\t\t\t<\/div>\n\t\t<div class=\"elementor-element elementor-element-51c88b8 e-con-full e-grid e-con e-child\" data-id=\"51c88b8\" data-element_type=\"container\" data-e-type=\"container\">\n\t\t\t\t<div class=\"elementor-element elementor-element-6a3dce3 elementor-view-default elementor-position-block-start elementor-mobile-position-block-start elementor-widget elementor-widget-icon-box\" data-id=\"6a3dce3\" data-element_type=\"widget\" data-e-type=\"widget\" data-widget_type=\"icon-box.default\">\n\t\t\t\t\t\t\t<div class=\"elementor-icon-box-wrapper\">\n\n\t\t\t\t\t\t<div class=\"elementor-icon-box-icon\">\n\t\t\t\t<span  class=\"elementor-icon\">\n\t\t\t\t<svg aria-hidden=\"true\" class=\"e-font-icon-svg e-fas-bolt\" viewBox=\"0 0 320 512\" xmlns=\"http:\/\/www.w3.org\/2000\/svg\"><path d=\"M296 160H180.6l42.6-129.8C227.2 15 215.7 0 200 0H56C44 0 33.8 8.9 32.2 20.8l-32 240C-1.7 275.2 9.5 288 24 288h118.7L96.6 482.5c-3.6 15.2 8 29.5 23.3 29.5 8.4 0 16.4-4.4 20.8-12l176-304c9.3-15.9-2.2-36-20.7-36z\"><\/path><\/svg>\t\t\t\t<\/span>\n\t\t\t<\/div>\n\t\t\t\n\t\t\t\t\t\t<div class=\"elementor-icon-box-content\">\n\n\t\t\t\t\t\t\t\t\t<h4 class=\"elementor-icon-box-title\">\n\t\t\t\t\t\t<span  >\n\t\t\t\t\t\t\tEscopo dos Servi\u00e7os em Linha Viva\t\t\t\t\t\t<\/span>\n\t\t\t\t\t<\/h4>\n\t\t\t\t\n\t\t\t\t\t\t\t\t\t<p class=\"elementor-icon-box-description\">\n\t\t\t\t\t\t<p style=\"text-align:;line-height: 1.6;font-size: 16px\">\n- Substitui\u00e7\u00e3o, manuten\u00e7\u00e3o e ajustes de equipamentos em subesta\u00e7\u00f5es energizadas, como disjuntores, seccionadoras, transformadores, para-raios e barramentos.\n<\/p>\n\n<p style=\"text-align:;line-height: 1.6;font-size: 16px\">- Interven\u00e7\u00f5es em linhas de transmiss\u00e3o energizadas, incluindo manuten\u00e7\u00e3o e substitui\u00e7\u00e3o de isoladores, espa\u00e7adores, para-raios e condutores.\n<\/p>\n\n<p style=\"text-align:;line-height: 1.6;font-size: 16px\">- Recupera\u00e7\u00e3o estrutural de suportes e p\u00f3rticos de concreto e met\u00e1licos (com escarifica\u00e7\u00e3o, tratamento anticorrosivo, estucamento e pintura).\n<\/p>\n\n<p style=\"text-align:;line-height: 1.6;font-size: 16px\">- Limpeza e inspe\u00e7\u00e3o de isoladores e demais componentes cr\u00edticos, utilizando t\u00e9cnicas de alta press\u00e3o, jateamento controlado e agentes qu\u00edmicos espec\u00edficos.\n<\/p>\n<p style=\"text-align:;line-height: 1.6;font-size: 16px\">\n- Implanta\u00e7\u00e3o de melhorias e atualiza\u00e7\u00f5es em equipamentos e estruturas sem necessidade de desligamento.\n<\/p>\t\t\t\t\t<\/p>\n\t\t\t\t\n\t\t\t<\/div>\n\t\t\t\n\t\t<\/div>\n\t\t\t\t\t\t<\/div>\n\t\t\t\t<div class=\"elementor-element elementor-element-d2e073d elementor-view-default elementor-position-block-start elementor-mobile-position-block-start elementor-widget elementor-widget-icon-box\" data-id=\"d2e073d\" data-element_type=\"widget\" data-e-type=\"widget\" data-widget_type=\"icon-box.default\">\n\t\t\t\t\t\t\t<div class=\"elementor-icon-box-wrapper\">\n\n\t\t\t\t\t\t<div class=\"elementor-icon-box-icon\">\n\t\t\t\t<span  class=\"elementor-icon\">\n\t\t\t\t<svg aria-hidden=\"true\" class=\"e-font-icon-svg e-fab-searchengin\" viewBox=\"0 0 460 512\" xmlns=\"http:\/\/www.w3.org\/2000\/svg\"><path d=\"M220.6 130.3l-67.2 28.2V43.2L98.7 233.5l54.7-24.2v130.3l67.2-209.3zm-83.2-96.7l-1.3 4.7-15.2 52.9C80.6 106.7 52 145.8 52 191.5c0 52.3 34.3 95.9 83.4 105.5v53.6C57.5 340.1 0 272.4 0 191.6c0-80.5 59.8-147.2 137.4-158zm311.4 447.2c-11.2 11.2-23.1 12.3-28.6 10.5-5.4-1.8-27.1-19.9-60.4-44.4-33.3-24.6-33.6-35.7-43-56.7-9.4-20.9-30.4-42.6-57.5-52.4l-9.7-14.7c-24.7 16.9-53 26.9-81.3 28.7l2.1-6.6 15.9-49.5c46.5-11.9 80.9-54 80.9-104.2 0-54.5-38.4-102.1-96-107.1V32.3C254.4 37.4 320 106.8 320 191.6c0 33.6-11.2 64.7-29 90.4l14.6 9.6c9.8 27.1 31.5 48 52.4 57.4s32.2 9.7 56.8 43c24.6 33.2 42.7 54.9 44.5 60.3s.7 17.3-10.5 28.5zm-9.9-17.9c0-4.4-3.6-8-8-8s-8 3.6-8 8 3.6 8 8 8 8-3.6 8-8z\"><\/path><\/svg>\t\t\t\t<\/span>\n\t\t\t<\/div>\n\t\t\t\n\t\t\t\t\t\t<div class=\"elementor-icon-box-content\">\n\n\t\t\t\t\t\t\t\t\t<h4 class=\"elementor-icon-box-title\">\n\t\t\t\t\t\t<span  >\n\t\t\t\t\t\t\tMetodologias de Trabalho em Linha Viva\t\t\t\t\t\t<\/span>\n\t\t\t\t\t<\/h4>\n\t\t\t\t\n\t\t\t\t\t\t\t\t\t<p class=\"elementor-icon-box-description\">\n\t\t\t\t\t\t<p style=\"text-align:;line-height: 1.6;font-size: 16px\">- M\u00e9todo ao toque: execu\u00e7\u00e3o direta de servi\u00e7os em componentes energizados com t\u00e9cnicas de isolamento pessoal e ferramentas isoladas.\n<\/p>\n<p style=\"text-align:;line-height: 1.6;font-size: 16px\">\n- M\u00e9todo \u00e0 dist\u00e2ncia: utiliza\u00e7\u00e3o de ferramentas telesc\u00f3picas isoladas (hot stick), para interven\u00e7\u00f5es seguras a partir de dist\u00e2ncias seguras.\n<\/p>\n<p style=\"text-align:;line-height: 1.6;font-size: 16px\">- M\u00e9todo potencial: trabalho com equipara\u00e7\u00e3o de potencial el\u00e9trico, permitindo contato direto seguro com o circuito energizado.\n\t\t\t\t\t<\/p>\n\t\t\t\t\n\t\t\t<\/div>\n\t\t\t\n\t\t<\/div>\n\t\t\t\t\t\t<\/div>\n\t\t\t\t<div class=\"elementor-element elementor-element-826e347 elementor-view-default elementor-position-block-start elementor-mobile-position-block-start elementor-widget elementor-widget-icon-box\" data-id=\"826e347\" data-element_type=\"widget\" data-e-type=\"widget\" data-widget_type=\"icon-box.default\">\n\t\t\t\t\t\t\t<div class=\"elementor-icon-box-wrapper\">\n\n\t\t\t\t\t\t<div class=\"elementor-icon-box-icon\">\n\t\t\t\t<span  class=\"elementor-icon\">\n\t\t\t\t<i aria-hidden=\"true\" class=\"rtmicon rtmicon-battery\"><\/i>\t\t\t\t<\/span>\n\t\t\t<\/div>\n\t\t\t\n\t\t\t\t\t\t<div class=\"elementor-icon-box-content\">\n\n\t\t\t\t\t\t\t\t\t<h4 class=\"elementor-icon-box-title\">\n\t\t\t\t\t\t<span  >\n\t\t\t\t\t\t\tBenef\u00edcios do Trabalho em Linha Viva:\t\t\t\t\t\t<\/span>\n\t\t\t\t\t<\/h4>\n\t\t\t\t\n\t\t\t\t\t\t\t\t\t<p class=\"elementor-icon-box-description\">\n\t\t\t\t\t\t<p style=\"text-align:;line-height: 1.6;font-size: 16px\"> - Elimina\u00e7\u00e3o de paradas programadas e interrup\u00e7\u00f5es no fornecimento.\n<\/p>\n<p style=\"text-align:;line-height: 1.6;font-size: 16px\">\n- Aumento da confiabilidade do sistema el\u00e9trico.\n<\/p>\nRedu\u00e7\u00e3o de custos operacionais e maior disponibilidade dos ativos.\n<\/p>\n<p style=\"text-align:;line-height: 1.6;font-size: 16px\">- Atendimento \u00e1gil e seguro, com equipe treinada e certificada para atividades em ambientes energizados.\n<\/p>\n\t\t\t\t\t<\/p>\n\t\t\t\t\n\t\t\t<\/div>\n\t\t\t\n\t\t<\/div>\n\t\t\t\t\t\t<\/div>\n\t\t\t\t<\/div>\n\t\t\t\t<\/div>\n\t\t<div class=\"elementor-element elementor-element-2f86503 e-con-full e-flex e-con e-child\" data-id=\"2f86503\" data-element_type=\"container\" data-e-type=\"container\">\n\t\t\t\t<div class=\"elementor-element elementor-element-1a5bcb0 elementor-widget elementor-widget-image\" data-id=\"1a5bcb0\" data-element_type=\"widget\" data-e-type=\"widget\" data-widget_type=\"image.default\">\n\t\t\t\t\t\t\t\t\t\t\t\t\t\t\t<img fetchpriority=\"high\" decoding=\"async\" width=\"573\" height=\"1280\" src=\"https:\/\/melp.com.br\/wp-content\/uploads\/2025\/06\/WhatsApp-Image-2024-11-28-at-14.35.20-1.jpeg\" class=\"attachment-full size-full wp-image-7433\" alt=\"\" srcset=\"https:\/\/melp.com.br\/wp-content\/uploads\/2025\/06\/WhatsApp-Image-2024-11-28-at-14.35.20-1.jpeg 573w, https:\/\/melp.com.br\/wp-content\/uploads\/2025\/06\/WhatsApp-Image-2024-11-28-at-14.35.20-1-134x300.jpeg 134w, https:\/\/melp.com.br\/wp-content\/uploads\/2025\/06\/WhatsApp-Image-2024-11-28-at-14.35.20-1-458x1024.jpeg 458w\" sizes=\"(max-width: 573px) 100vw, 573px\" \/>\t\t\t\t\t\t\t\t\t\t\t\t\t\t\t<\/div>\n\t\t\t\t<\/div>\n\t\t\t\t<\/div>\n\t\t\t\t<\/div>\n\t\t\t\t<\/div>\n\t\t\t\t<\/div>\n\t\t\t\t<\/div>\n\t\t\t\t<\/div>\n\t\t\t\t\t<\/div>\n\t\t\t\t<\/div>\n\t\t<div class=\"elementor-element elementor-element-1221ecd e-flex e-con-boxed e-con e-parent\" data-id=\"1221ecd\" data-element_type=\"container\" data-e-type=\"container\">\n\t\t\t\t\t<div class=\"e-con-inner\">\n\t\t\t\t<div class=\"elementor-element elementor-element-f7c83fb elementor-skin-coverflow elementor-arrows-yes elementor-pagination-type-bullets elementor-pagination-position-outside elementor-widget elementor-widget-media-carousel\" data-id=\"f7c83fb\" data-element_type=\"widget\" data-e-type=\"widget\" data-settings=\"{&quot;skin&quot;:&quot;coverflow&quot;,&quot;show_arrows&quot;:&quot;yes&quot;,&quot;pagination&quot;:&quot;bullets&quot;,&quot;speed&quot;:500,&quot;autoplay&quot;:&quot;yes&quot;,&quot;autoplay_speed&quot;:5000,&quot;loop&quot;:&quot;yes&quot;,&quot;pause_on_hover&quot;:&quot;yes&quot;,&quot;pause_on_interaction&quot;:&quot;yes&quot;,&quot;space_between&quot;:{&quot;unit&quot;:&quot;px&quot;,&quot;size&quot;:10,&quot;sizes&quot;:[]},&quot;space_between_tablet&quot;:{&quot;unit&quot;:&quot;px&quot;,&quot;size&quot;:10,&quot;sizes&quot;:[]},&quot;space_between_mobile&quot;:{&quot;unit&quot;:&quot;px&quot;,&quot;size&quot;:10,&quot;sizes&quot;:[]}}\" data-widget_type=\"media-carousel.default\">\n\t\t\t\t<div class=\"elementor-widget-container\">\n\t\t\t\t\t\t\t<div class=\"elementor-swiper\">\n\t\t\t<div class=\"elementor-main-swiper swiper-container\">\n\t\t\t\t<div class=\"swiper-wrapper\">\n\t\t\t\t\t\t\t\t\t\t\t<div class=\"swiper-slide\">\n\t\t\t\t\t\t\t\t\t<div class=\"elementor-carousel-image\" style=\"background-image: url(https:\/\/melp.com.br\/wp-content\/uploads\/2025\/06\/WhatsApp-Image-2024-11-28-at-14.35.20-1.jpeg)\">\n\t\t\t\t\t<\/div>\n\t\t\t\t\t\t\t\t<\/div>\n\t\t\t\t\t\t\t\t\t\t\t<div class=\"swiper-slide\">\n\t\t\t\t\t\t\t\t\t<div class=\"elementor-carousel-image\" style=\"background-image: url(https:\/\/melp.com.br\/wp-content\/uploads\/2025\/06\/WhatsApp-Image-2024-11-27-at-12.19.46.jpeg)\">\n\t\t\t\t\t<\/div>\n\t\t\t\t\t\t\t\t<\/div>\n\t\t\t\t\t\t\t\t\t\t\t<div class=\"swiper-slide\">\n\t\t\t\t\t\t\t\t\t<div class=\"elementor-carousel-image\" style=\"background-image: url(https:\/\/melp.com.br\/wp-content\/uploads\/2025\/06\/WhatsApp-Image-2024-11-25-at-14.43.29.jpeg)\">\n\t\t\t\t\t<\/div>\n\t\t\t\t\t\t\t\t<\/div>\n\t\t\t\t\t\t\t\t\t\t\t<div class=\"swiper-slide\">\n\t\t\t\t\t\t\t\t\t<div class=\"elementor-carousel-image\" style=\"background-image: url(https:\/\/melp.com.br\/wp-content\/uploads\/2025\/06\/WhatsApp-Image-2024-11-12-at-15.29.38-1.jpeg)\">\n\t\t\t\t\t<\/div>\n\t\t\t\t\t\t\t\t<\/div>\n\t\t\t\t\t\t\t\t\t\t\t<div class=\"swiper-slide\">\n\t\t\t\t\t\t\t\t\t<div class=\"elementor-carousel-image\" style=\"background-image: url(https:\/\/melp.com.br\/wp-content\/uploads\/2025\/06\/WhatsApp-Image-2024-10-17-at-15.52.04.jpeg)\">\n\t\t\t\t\t<\/div>\n\t\t\t\t\t\t\t\t<\/div>\n\t\t\t\t\t\t\t\t\t\t\t<div class=\"swiper-slide\">\n\t\t\t\t\t\t\t\t\t<div class=\"elementor-carousel-image\" style=\"background-image: url(https:\/\/melp.com.br\/wp-content\/uploads\/2025\/06\/WhatsApp-Image-2024-11-14-at-14.53.32-1.jpeg)\">\n\t\t\t\t\t<\/div>\n\t\t\t\t\t\t\t\t<\/div>\n\t\t\t\t\t\t\t\t\t\t\t<div class=\"swiper-slide\">\n\t\t\t\t\t\t\t\t\t<div class=\"elementor-carousel-image\" style=\"background-image: url(https:\/\/melp.com.br\/wp-content\/uploads\/2025\/06\/SAM_2411-1.jpg)\">\n\t\t\t\t\t<\/div>\n\t\t\t\t\t\t\t\t<\/div>\n\t\t\t\t\t\t\t\t\t<\/div>\n\t\t\t\t\t\t\t\t\t\t\t\t\t\t\t<div class=\"swiper-pagination\"><\/div>\n\t\t\t\t\t\t\t\t\t\t\t\t\t\t\t\t<div class=\"elementor-swiper-button elementor-swiper-button-prev\">\n\t\t\t\t\t\t\t<svg aria-hidden=\"true\" class=\"e-font-icon-svg e-eicon-chevron-left\" viewBox=\"0 0 1000 1000\" xmlns=\"http:\/\/www.w3.org\/2000\/svg\"><path d=\"M646 125C629 125 613 133 604 142L308 442C296 454 292 471 292 487 292 504 296 521 308 533L604 854C617 867 629 875 646 875 663 875 679 871 692 858 704 846 713 829 713 812 713 796 708 779 692 767L438 487 692 225C700 217 708 204 708 187 708 171 704 154 692 142 675 129 663 125 646 125Z\"><\/path><\/svg>\t\t\t\t\t\t\t<span class=\"elementor-screen-only\">Previous<\/span>\n\t\t\t\t\t\t<\/div>\n\t\t\t\t\t\t<div class=\"elementor-swiper-button elementor-swiper-button-next\">\n\t\t\t\t\t\t\t<svg aria-hidden=\"true\" class=\"e-font-icon-svg e-eicon-chevron-right\" viewBox=\"0 0 1000 1000\" xmlns=\"http:\/\/www.w3.org\/2000\/svg\"><path d=\"M696 533C708 521 713 504 713 487 713 471 708 454 696 446L400 146C388 133 375 125 354 125 338 125 325 129 313 142 300 154 292 171 292 187 292 204 296 221 308 233L563 492 304 771C292 783 288 800 288 817 288 833 296 850 308 863 321 871 338 875 354 875 371 875 388 867 400 854L696 533Z\"><\/path><\/svg>\t\t\t\t\t\t\t<span class=\"elementor-screen-only\">Next<\/span>\n\t\t\t\t\t\t<\/div>\n\t\t\t\t\t\t\t\t\t\t\t\t<\/div>\n\t\t<\/div>\n\t\t\t\t\t\t<\/div>\n\t\t\t\t<\/div>\n\t\t\t\t\t<\/div>\n\t\t\t\t<\/div>\n\t\t<div class=\"elementor-element elementor-element-3dce3763 e-flex e-con-boxed e-con e-parent\" data-id=\"3dce3763\" data-element_type=\"container\" data-e-type=\"container\" data-settings=\"{&quot;background_background&quot;:&quot;classic&quot;}\">\n\t\t\t\t\t<div class=\"e-con-inner\">\n\t\t\t\t<div class=\"elementor-element elementor-element-43632606 elementor-widget elementor-widget-heading\" data-id=\"43632606\" data-element_type=\"widget\" data-e-type=\"widget\" data-widget_type=\"heading.default\">\n\t\t\t\t\t<h3 class=\"elementor-heading-title elementor-size-default\">Fale agora com um especialista<\/h3>\t\t\t\t<\/div>\n\t\t\t\t<div class=\"elementor-element elementor-element-7dfad108 elementor-widget elementor-widget-button\" data-id=\"7dfad108\" data-element_type=\"widget\" data-e-type=\"widget\" data-widget_type=\"button.default\">\n\t\t\t\t\t\t\t\t\t\t<a class=\"elementor-button elementor-button-link elementor-size-sm\" href=\"#\">\n\t\t\t\t\t\t<span class=\"elementor-button-content-wrapper\">\n\t\t\t\t\t\t\t\t\t<span class=\"elementor-button-text\">Falar com especialista<\/span>\n\t\t\t\t\t<\/span>\n\t\t\t\t\t<\/a>\n\t\t\t\t\t\t\t\t<\/div>\n\t\t\t\t\t<\/div>\n\t\t\t\t<\/div>\n\t\t\t\t<\/div>\n\t\t","protected":false},"excerpt":{"rendered":"<p>servi\u00e7os em linha viva Home \/ servi\u00e7os servi\u00e7os em linha viva Melp engenharia Servi\u00e7os em Linha Viva em Subesta\u00e7\u00f5es e Linhas de Transmiss\u00e3o A MELP Engenharia oferece servi\u00e7os especializados em Linha Viva para subesta\u00e7\u00f5es e linhas de transmiss\u00e3o, garantindo a execu\u00e7\u00e3o de manuten\u00e7\u00f5es e interven\u00e7\u00f5es t\u00e9cnicas sem necessidade de desligamento do sistema. Essa modalidade de [&hellip;]<\/p>\n","protected":false},"author":1,"featured_media":0,"parent":0,"menu_order":0,"comment_status":"closed","ping_status":"closed","template":"elementor_header_footer","meta":{"footnotes":""},"class_list":["post-7297","page","type-page","status-publish","hentry"],"_links":{"self":[{"href":"https:\/\/melp.com.br\/index.php?rest_route=\/wp\/v2\/pages\/7297","targetHints":{"allow":["GET"]}}],"collection":[{"href":"https:\/\/melp.com.br\/index.php?rest_route=\/wp\/v2\/pages"}],"about":[{"href":"https:\/\/melp.com.br\/index.php?rest_route=\/wp\/v2\/types\/page"}],"author":[{"embeddable":true,"href":"https:\/\/melp.com.br\/index.php?rest_route=\/wp\/v2\/users\/1"}],"replies":[{"embeddable":true,"href":"https:\/\/melp.com.br\/index.php?rest_route=%2Fwp%2Fv2%2Fcomments&post=7297"}],"version-history":[{"count":18,"href":"https:\/\/melp.com.br\/index.php?rest_route=\/wp\/v2\/pages\/7297\/revisions"}],"predecessor-version":[{"id":7637,"href":"https:\/\/melp.com.br\/index.php?rest_route=\/wp\/v2\/pages\/7297\/revisions\/7637"}],"wp:attachment":[{"href":"https:\/\/melp.com.br\/index.php?rest_route=%2Fwp%2Fv2%2Fmedia&parent=7297"}],"curies":[{"name":"wp","href":"https:\/\/api.w.org\/{rel}","templated":true}]}}