{"id":7202,"date":"2025-05-20T16:32:13","date_gmt":"2025-05-20T19:32:13","guid":{"rendered":"https:\/\/melp.com.br\/?page_id=7202"},"modified":"2025-06-10T19:38:33","modified_gmt":"2025-06-10T22:38:33","slug":"contrucaose","status":"publish","type":"page","link":"https:\/\/melp.com.br\/?page_id=7202","title":{"rendered":"contrucaose"},"content":{"rendered":"\t\t<div data-elementor-type=\"wp-page\" data-elementor-id=\"7202\" class=\"elementor elementor-7202\">\n\t\t\t\t<div class=\"elementor-element elementor-element-72261603 e-flex e-con-boxed e-con e-parent\" data-id=\"72261603\" data-element_type=\"container\" data-e-type=\"container\" data-settings=\"{&quot;background_background&quot;:&quot;classic&quot;}\">\n\t\t\t\t\t<div class=\"e-con-inner\">\n\t\t\t\t<div class=\"elementor-element elementor-element-572c299a elementor-widget elementor-widget-heading\" data-id=\"572c299a\" data-element_type=\"widget\" data-e-type=\"widget\" data-widget_type=\"heading.default\">\n\t\t\t\t\t<h2 class=\"elementor-heading-title elementor-size-default\"><p class=\"MsoNormal\"><b>manuten\u00e7\u00e3o de Subesta\u00e7\u00f5es<\/b><\/p><\/h2>\t\t\t\t<\/div>\n\t\t\t\t<div class=\"elementor-element elementor-element-714388ad elementor-widget elementor-widget-text-editor\" data-id=\"714388ad\" data-element_type=\"widget\" data-e-type=\"widget\" data-widget_type=\"text-editor.default\">\n\t\t\t\t\t\t\t\t\t<p><a href=\"#\">Home<\/a> \/ servi\u00e7os<\/p>\t\t\t\t\t\t\t\t<\/div>\n\t\t\t\t\t<\/div>\n\t\t\t\t<\/div>\n\t\t<div class=\"elementor-element elementor-element-d40c4af e-flex e-con-boxed e-con e-parent\" data-id=\"d40c4af\" data-element_type=\"container\" data-e-type=\"container\">\n\t\t\t\t\t<div class=\"e-con-inner\">\n\t\t<div class=\"elementor-element elementor-element-7f625c6 e-con-full e-flex e-con e-child\" data-id=\"7f625c6\" data-element_type=\"container\" data-e-type=\"container\">\n\t\t<div class=\"elementor-element elementor-element-65f966e e-con-full e-flex e-con e-child\" data-id=\"65f966e\" data-element_type=\"container\" data-e-type=\"container\">\n\t\t\t\t<div class=\"elementor-element elementor-element-50a1844 elementor-widget elementor-widget-heading\" data-id=\"50a1844\" data-element_type=\"widget\" data-e-type=\"widget\" data-widget_type=\"heading.default\">\n\t\t\t\t\t<div class=\"elementor-heading-title elementor-size-default\">Melp engenharia <\/div>\t\t\t\t<\/div>\n\t\t\t\t<div class=\"elementor-element elementor-element-40e4b0e animated-slow elementor-invisible elementor-widget elementor-widget-heading\" data-id=\"40e4b0e\" data-element_type=\"widget\" data-e-type=\"widget\" data-settings=\"{&quot;_animation&quot;:&quot;fadeInUp&quot;}\" data-widget_type=\"heading.default\">\n\t\t\t\t\t<h3 class=\"elementor-heading-title elementor-size-default\">manuten\u00e7\u00e3o de se <\/h3>\t\t\t\t<\/div>\n\t\t\t\t<div class=\"elementor-element elementor-element-195c721 elementor-vertical-align-middle elementor-widget elementor-widget-image-box\" data-id=\"195c721\" data-element_type=\"widget\" data-e-type=\"widget\" data-widget_type=\"image-box.default\">\n\t\t\t\t\t<div class=\"elementor-image-box-wrapper\"><div class=\"elementor-image-box-content\"><p class=\"elementor-image-box-description\">A MELP Engenharia executa servi\u00e7os completos de manuten\u00e7\u00e3o preventiva e corretiva em subesta\u00e7\u00f5es de alta tens\u00e3o, garantindo a confiabilidade, a seguran\u00e7a e a durabilidade dos equipamentos. Atendemos rigorosamente \u00e0s normas t\u00e9cnicas e \u00e0s recomenda\u00e7\u00f5es dos fabricantes, com equipes especializadas e equipamentos de \u00faltima gera\u00e7\u00e3o.\n<div><br><\/div><\/p><\/div><\/div>\t\t\t\t<\/div>\n\t\t\t\t<\/div>\n\t\t<div class=\"elementor-element elementor-element-aa22cac e-con-full e-grid e-con e-child\" data-id=\"aa22cac\" data-element_type=\"container\" data-e-type=\"container\">\n\t\t\t\t<div class=\"elementor-element elementor-element-103be2e elementor-view-default elementor-position-block-start elementor-mobile-position-block-start elementor-widget elementor-widget-icon-box\" data-id=\"103be2e\" data-element_type=\"widget\" data-e-type=\"widget\" data-widget_type=\"icon-box.default\">\n\t\t\t\t\t\t\t<div class=\"elementor-icon-box-wrapper\">\n\n\t\t\t\t\t\t<div class=\"elementor-icon-box-icon\">\n\t\t\t\t<span  class=\"elementor-icon\">\n\t\t\t\t<svg aria-hidden=\"true\" class=\"e-font-icon-svg e-fas-thermometer-quarter\" viewBox=\"0 0 256 512\" xmlns=\"http:\/\/www.w3.org\/2000\/svg\"><path d=\"M192 384c0 35.346-28.654 64-64 64s-64-28.654-64-64c0-23.685 12.876-44.349 32-55.417V288c0-17.673 14.327-32 32-32s32 14.327 32 32v40.583c19.124 11.068 32 31.732 32 55.417zm32-84.653c19.912 22.563 32 52.194 32 84.653 0 70.696-57.303 128-128 128-.299 0-.609-.001-.909-.003C56.789 511.509-.357 453.636.002 383.333.166 351.135 12.225 321.755 32 299.347V96c0-53.019 42.981-96 96-96s96 42.981 96 96v203.347zM208 384c0-34.339-19.37-52.19-32-66.502V96c0-26.467-21.533-48-48-48S80 69.533 80 96v221.498c-12.732 14.428-31.825 32.1-31.999 66.08-.224 43.876 35.563 80.116 79.423 80.42L128 464c44.112 0 80-35.888 80-80z\"><\/path><\/svg>\t\t\t\t<\/span>\n\t\t\t<\/div>\n\t\t\t\n\t\t\t\t\t\t<div class=\"elementor-icon-box-content\">\n\n\t\t\t\t\t\t\t\t\t<h4 class=\"elementor-icon-box-title\">\n\t\t\t\t\t\t<span  >\n\t\t\t\t\t\t\tPrincipais Ensaios e Testes El\u00e9tricos\t\t\t\t\t\t<\/span>\n\t\t\t\t\t<\/h4>\n\t\t\t\t\n\t\t\t\t\t\t\t\t\t<p class=\"elementor-icon-box-description\">\n\t\t\t\t\t\t<p style=\"text-align: justify;line-height: 1.6;font-size: 16px\">\n  - Medi\u00e7\u00e3o de resist\u00eancia de isolamento e fator de dissipa\u00e7\u00e3o diel\u00e9trica (tan delta).\n\n<\/p>\n\n<p style=\"text-align: justify;line-height: 1.6;font-size: 16px\">\n  - Ensaios de resist\u00eancia \u00f4hmica de contatos e bobinas.\n\n<\/p>\n\n<p style=\"text-align: justify;line-height: 1.6;font-size: 16px\">\n- Testes de rela\u00e7\u00e3o de transforma\u00e7\u00e3o e polaridade em transformadores de corrente (TCs) e de potencial (TPs).\n\n\n<\/p>\n\n<p style=\"text-align: justify;line-height: 1.6;font-size: 16px\">\n- Ensaios de manobra e an\u00e1lise din\u00e2mica (oscilografagem) de disjuntores.\n.\n\n<\/p>\n\n<p style=\"text-align: justify;line-height: 1.6;font-size: 16px\">\n- Testes de resist\u00eancia de aterramento e continuidade el\u00e9trica.\n\n\n<\/p>\n\n<\/p>\n\n<p style=\"text-align: justify;line-height: 1.6;font-size: 16px\">\n \n- Verifica\u00e7\u00e3o funcional e de intertravamentos dos sistemas de prote\u00e7\u00e3o e controle.\n.\n\n<\/p>\n\t\t\t\t\t<\/p>\n\t\t\t\t\n\t\t\t<\/div>\n\t\t\t\n\t\t<\/div>\n\t\t\t\t\t\t<\/div>\n\t\t\t\t<div class=\"elementor-element elementor-element-e7a350b elementor-view-default elementor-position-block-start elementor-mobile-position-block-start elementor-widget elementor-widget-icon-box\" data-id=\"e7a350b\" data-element_type=\"widget\" data-e-type=\"widget\" data-widget_type=\"icon-box.default\">\n\t\t\t\t\t\t\t<div class=\"elementor-icon-box-wrapper\">\n\n\t\t\t\t\t\t<div class=\"elementor-icon-box-icon\">\n\t\t\t\t<span  class=\"elementor-icon\">\n\t\t\t\t<svg aria-hidden=\"true\" class=\"e-font-icon-svg e-fab-searchengin\" viewBox=\"0 0 460 512\" xmlns=\"http:\/\/www.w3.org\/2000\/svg\"><path d=\"M220.6 130.3l-67.2 28.2V43.2L98.7 233.5l54.7-24.2v130.3l67.2-209.3zm-83.2-96.7l-1.3 4.7-15.2 52.9C80.6 106.7 52 145.8 52 191.5c0 52.3 34.3 95.9 83.4 105.5v53.6C57.5 340.1 0 272.4 0 191.6c0-80.5 59.8-147.2 137.4-158zm311.4 447.2c-11.2 11.2-23.1 12.3-28.6 10.5-5.4-1.8-27.1-19.9-60.4-44.4-33.3-24.6-33.6-35.7-43-56.7-9.4-20.9-30.4-42.6-57.5-52.4l-9.7-14.7c-24.7 16.9-53 26.9-81.3 28.7l2.1-6.6 15.9-49.5c46.5-11.9 80.9-54 80.9-104.2 0-54.5-38.4-102.1-96-107.1V32.3C254.4 37.4 320 106.8 320 191.6c0 33.6-11.2 64.7-29 90.4l14.6 9.6c9.8 27.1 31.5 48 52.4 57.4s32.2 9.7 56.8 43c24.6 33.2 42.7 54.9 44.5 60.3s.7 17.3-10.5 28.5zm-9.9-17.9c0-4.4-3.6-8-8-8s-8 3.6-8 8 3.6 8 8 8 8-3.6 8-8z\"><\/path><\/svg>\t\t\t\t<\/span>\n\t\t\t<\/div>\n\t\t\t\n\t\t\t\t\t\t<div class=\"elementor-icon-box-content\">\n\n\t\t\t\t\t\t\t\t\t<h4 class=\"elementor-icon-box-title\">\n\t\t\t\t\t\t<span  >\n\t\t\t\t\t\t\tTratamento e Regenera\u00e7\u00e3o de \u00d3leo Isolante\t\t\t\t\t\t<\/span>\n\t\t\t\t\t<\/h4>\n\t\t\t\t\n\t\t\t\t\t\t\t\t\t<p class=\"elementor-icon-box-description\">\n\t\t\t\t\t\t<p style=\"text-align: justify;line-height: 1.6;font-size: 16px\">\n- An\u00e1lise f\u00edsico-qu\u00edmica completa do \u00f3leo isolante (umidade, rigidez diel\u00e9trica, teor de gases dissolvidos, etc.).\n\n<\/p>\n\n<p style=\"text-align: justify;line-height: 1.6;font-size: 16px\">\n  - Ensaios de rela\u00e7\u00e3o de transforma\u00e7\u00e3o e polaridade em TCs\/TPs.\n<\/p>\n\n<p style=\"text-align: justify;line-height: 1.6;font-size: 16px\">\n  - Tratamento e regenera\u00e7\u00e3o de \u00f3leo mineral com m\u00e1quinas de termovacuo de \u00faltima gera\u00e7\u00e3o, que removem gases e umidade com medi\u00e7\u00e3o on-line em tempo real.\n\n<\/p>\n\n<p style=\"text-align: justify;line-height: 1.6;font-size: 16px\">\n  - Enchimento e reposi\u00e7\u00e3o de \u00f3leo com controle preciso das condi\u00e7\u00f5es de v\u00e1cuo e press\u00e3o, garantindo a qualidade do isolamento.\n\n<\/p>\n\t\t\t\t\t<\/p>\n\t\t\t\t\n\t\t\t<\/div>\n\t\t\t\n\t\t<\/div>\n\t\t\t\t\t\t<\/div>\n\t\t\t\t<div class=\"elementor-element elementor-element-45cabb6 elementor-view-default elementor-position-block-start elementor-mobile-position-block-start elementor-widget elementor-widget-icon-box\" data-id=\"45cabb6\" data-element_type=\"widget\" data-e-type=\"widget\" data-widget_type=\"icon-box.default\">\n\t\t\t\t\t\t\t<div class=\"elementor-icon-box-wrapper\">\n\n\t\t\t\t\t\t<div class=\"elementor-icon-box-icon\">\n\t\t\t\t<span  class=\"elementor-icon\">\n\t\t\t\t<i aria-hidden=\"true\" class=\"rtmicon-thin rtmicon-engineering\"><\/i>\t\t\t\t<\/span>\n\t\t\t<\/div>\n\t\t\t\n\t\t\t\t\t\t<div class=\"elementor-icon-box-content\">\n\n\t\t\t\t\t\t\t\t\t<h4 class=\"elementor-icon-box-title\">\n\t\t\t\t\t\t<span  >\n\t\t\t\t\t\t\tManuseio e Tratamento de G\u00e1s SF6\t\t\t\t\t\t<\/span>\n\t\t\t\t\t<\/h4>\n\t\t\t\t\n\t\t\t\t\t\t\t\t\t<p class=\"elementor-icon-box-description\">\n\t\t\t\t\t\t<p style=\"text-align: justify;line-height: 1.6;font-size: 16px\">\n  - Equipamentos modernos para an\u00e1lise, recolhimento, tratamento e enchimento de g\u00e1s SF6 em disjuntores e equipamentos isolados a g\u00e1s (GIS).\n\n<\/p>\n\n<p style=\"text-align: justify;line-height: 1.6;font-size: 16px\">\n  - Medi\u00e7\u00e3o de pureza, umidade e subprodutos de decomposi\u00e7\u00e3o do g\u00e1s, assegurando conformidade com as normas ambientais e de seguran\u00e7a.\n\n<\/p>\n\t\t\t\t\t<\/p>\n\t\t\t\t\n\t\t\t<\/div>\n\t\t\t\n\t\t<\/div>\n\t\t\t\t\t\t<\/div>\n\t\t\t\t<div class=\"elementor-element elementor-element-e8bcbfb elementor-view-default elementor-position-block-start elementor-mobile-position-block-start elementor-widget elementor-widget-icon-box\" data-id=\"e8bcbfb\" data-element_type=\"widget\" data-e-type=\"widget\" data-widget_type=\"icon-box.default\">\n\t\t\t\t\t\t\t<div class=\"elementor-icon-box-wrapper\">\n\n\t\t\t\t\t\t<div class=\"elementor-icon-box-icon\">\n\t\t\t\t<span  class=\"elementor-icon\">\n\t\t\t\t<i aria-hidden=\"true\" class=\"rtmicon-thin rtmicon-engineering\"><\/i>\t\t\t\t<\/span>\n\t\t\t<\/div>\n\t\t\t\n\t\t\t\t\t\t<div class=\"elementor-icon-box-content\">\n\n\t\t\t\t\t\t\t\t\t<h4 class=\"elementor-icon-box-title\">\n\t\t\t\t\t\t<span  >\n\t\t\t\t\t\t\tManuten\u00e7\u00e3o Mec\u00e2nica e Corretiva\t\t\t\t\t\t<\/span>\n\t\t\t\t\t<\/h4>\n\t\t\t\t\n\t\t\t\t\t\t\t\t\t<p class=\"elementor-icon-box-description\">\n\t\t\t\t\t\t<p style=\"text-align: justify;line-height: 1.6;font-size: 16px\">\n  - Corre\u00e7\u00e3o de vazamentos em transformadores e equipamentos, incluindo substitui\u00e7\u00e3o de veda\u00e7\u00f5es e gaxetas.\n\n\n<\/p>\n\n<p style=\"text-align: justify;line-height: 1.6;font-size: 16px\">\n  - Substitui\u00e7\u00e3o de buchas, conectores, parafusos e componentes danificados.\n\n\n<\/p>\n\n\n<\/p>\n\n<p style=\"text-align: justify;line-height: 1.6;font-size: 16px\">\n  - Reaperto de conex\u00f5es el\u00e9tricas e mec\u00e2nicas, assegurando o torque correto e a integridade estrutural.\n\n\n\n<\/p>\n\n\t\t\t\t\t<\/p>\n\t\t\t\t\n\t\t\t<\/div>\n\t\t\t\n\t\t<\/div>\n\t\t\t\t\t\t<\/div>\n\t\t\t\t<\/div>\n\t\t\t\t<\/div>\n\t\t<div class=\"elementor-element elementor-element-3b15cf2 e-con-full e-flex e-con e-child\" data-id=\"3b15cf2\" data-element_type=\"container\" data-e-type=\"container\">\n\t\t\t\t<div class=\"elementor-element elementor-element-f04060b elementor-widget elementor-widget-image\" data-id=\"f04060b\" data-element_type=\"widget\" data-e-type=\"widget\" data-widget_type=\"image.default\">\n\t\t\t\t\t\t\t\t\t\t\t\t\t\t\t<img fetchpriority=\"high\" decoding=\"async\" width=\"800\" height=\"531\" src=\"https:\/\/melp.com.br\/wp-content\/uploads\/2025\/06\/Desmontagem-dos-radiadores-1024x680.jpg\" class=\"attachment-large size-large wp-image-7392\" alt=\"\" srcset=\"https:\/\/melp.com.br\/wp-content\/uploads\/2025\/06\/Desmontagem-dos-radiadores-1024x680.jpg 1024w, https:\/\/melp.com.br\/wp-content\/uploads\/2025\/06\/Desmontagem-dos-radiadores-300x199.jpg 300w, https:\/\/melp.com.br\/wp-content\/uploads\/2025\/06\/Desmontagem-dos-radiadores-768x510.jpg 768w, https:\/\/melp.com.br\/wp-content\/uploads\/2025\/06\/Desmontagem-dos-radiadores-1536x1019.jpg 1536w, https:\/\/melp.com.br\/wp-content\/uploads\/2025\/06\/Desmontagem-dos-radiadores-2048x1359.jpg 2048w\" sizes=\"(max-width: 800px) 100vw, 800px\" \/>\t\t\t\t\t\t\t\t\t\t\t\t\t\t\t<\/div>\n\t\t\t\t<div class=\"elementor-element elementor-element-5052aa8 elementor-widget elementor-widget-image\" data-id=\"5052aa8\" data-element_type=\"widget\" data-e-type=\"widget\" data-widget_type=\"image.default\">\n\t\t\t\t\t\t\t\t\t\t\t\t\t\t\t<img decoding=\"async\" width=\"800\" height=\"480\" src=\"https:\/\/melp.com.br\/wp-content\/uploads\/2025\/06\/WhatsApp-Image-2017-02-21-at-16.35.11-1024x614.jpeg\" class=\"attachment-large size-large wp-image-7393\" alt=\"\" srcset=\"https:\/\/melp.com.br\/wp-content\/uploads\/2025\/06\/WhatsApp-Image-2017-02-21-at-16.35.11-1024x614.jpeg 1024w, https:\/\/melp.com.br\/wp-content\/uploads\/2025\/06\/WhatsApp-Image-2017-02-21-at-16.35.11-300x180.jpeg 300w, https:\/\/melp.com.br\/wp-content\/uploads\/2025\/06\/WhatsApp-Image-2017-02-21-at-16.35.11-768x461.jpeg 768w, https:\/\/melp.com.br\/wp-content\/uploads\/2025\/06\/WhatsApp-Image-2017-02-21-at-16.35.11.jpeg 1280w\" sizes=\"(max-width: 800px) 100vw, 800px\" \/>\t\t\t\t\t\t\t\t\t\t\t\t\t\t\t<\/div>\n\t\t\t\t<div class=\"elementor-element elementor-element-47eb0d6 elementor-widget elementor-widget-image\" data-id=\"47eb0d6\" data-element_type=\"widget\" data-e-type=\"widget\" data-widget_type=\"image.default\">\n\t\t\t\t\t\t\t\t\t\t\t\t\t\t\t<img decoding=\"async\" width=\"295\" height=\"395\" src=\"https:\/\/melp.com.br\/wp-content\/uploads\/2025\/06\/montegem-subestacao-1.png\" class=\"attachment-large size-large wp-image-7647\" alt=\"\" srcset=\"https:\/\/melp.com.br\/wp-content\/uploads\/2025\/06\/montegem-subestacao-1.png 295w, https:\/\/melp.com.br\/wp-content\/uploads\/2025\/06\/montegem-subestacao-1-224x300.png 224w\" sizes=\"(max-width: 295px) 100vw, 295px\" \/>\t\t\t\t\t\t\t\t\t\t\t\t\t\t\t<\/div>\n\t\t\t\t<\/div>\n\t\t\t\t\t<\/div>\n\t\t\t\t<\/div>\n\t\t<div class=\"elementor-element elementor-element-75dfa75 e-flex e-con-boxed e-con e-parent\" data-id=\"75dfa75\" data-element_type=\"container\" data-e-type=\"container\">\n\t\t\t\t\t<div class=\"e-con-inner\">\n\t\t<div class=\"elementor-element elementor-element-92c4725 e-con-full e-flex e-con e-child\" data-id=\"92c4725\" data-element_type=\"container\" data-e-type=\"container\">\n\t\t\t\t<div class=\"elementor-element elementor-element-3ddaba4 elementor-skin-coverflow elementor-arrows-yes elementor-pagination-type-bullets elementor-pagination-position-outside elementor-widget elementor-widget-media-carousel\" data-id=\"3ddaba4\" data-element_type=\"widget\" data-e-type=\"widget\" data-settings=\"{&quot;skin&quot;:&quot;coverflow&quot;,&quot;show_arrows&quot;:&quot;yes&quot;,&quot;pagination&quot;:&quot;bullets&quot;,&quot;speed&quot;:500,&quot;autoplay&quot;:&quot;yes&quot;,&quot;autoplay_speed&quot;:5000,&quot;loop&quot;:&quot;yes&quot;,&quot;pause_on_hover&quot;:&quot;yes&quot;,&quot;pause_on_interaction&quot;:&quot;yes&quot;,&quot;space_between&quot;:{&quot;unit&quot;:&quot;px&quot;,&quot;size&quot;:10,&quot;sizes&quot;:[]},&quot;space_between_tablet&quot;:{&quot;unit&quot;:&quot;px&quot;,&quot;size&quot;:10,&quot;sizes&quot;:[]},&quot;space_between_mobile&quot;:{&quot;unit&quot;:&quot;px&quot;,&quot;size&quot;:10,&quot;sizes&quot;:[]}}\" data-widget_type=\"media-carousel.default\">\n\t\t\t\t<div class=\"elementor-widget-container\">\n\t\t\t\t\t\t\t<div class=\"elementor-swiper\">\n\t\t\t<div class=\"elementor-main-swiper swiper-container\">\n\t\t\t\t<div class=\"swiper-wrapper\">\n\t\t\t\t\t\t\t\t\t\t\t<div class=\"swiper-slide\">\n\t\t\t\t\t\t\t\t\t<div class=\"elementor-carousel-image\" style=\"background-image: url(https:\/\/melp.com.br\/wp-content\/uploads\/2025\/06\/WhatsApp-Image-2017-02-21-at-16.35.11.jpeg)\">\n\t\t\t\t\t<\/div>\n\t\t\t\t\t\t\t\t<\/div>\n\t\t\t\t\t\t\t\t\t\t\t<div class=\"swiper-slide\">\n\t\t\t\t\t\t\t\t\t<div class=\"elementor-carousel-image\" style=\"background-image: url(https:\/\/melp.com.br\/wp-content\/uploads\/2025\/06\/Desmontagem-dos-radiadores-scaled.jpg)\">\n\t\t\t\t\t<\/div>\n\t\t\t\t\t\t\t\t<\/div>\n\t\t\t\t\t\t\t\t\t\t\t<div class=\"swiper-slide\">\n\t\t\t\t\t\t\t\t\t<div class=\"elementor-carousel-image\" style=\"background-image: url(https:\/\/melp.com.br\/wp-content\/uploads\/2025\/06\/IMG-20250513-WA0023-scaled.jpg)\">\n\t\t\t\t\t<\/div>\n\t\t\t\t\t\t\t\t<\/div>\n\t\t\t\t\t\t\t\t\t\t\t<div class=\"swiper-slide\">\n\t\t\t\t\t\t\t\t\t<div class=\"elementor-carousel-image\" style=\"background-image: url(https:\/\/melp.com.br\/wp-content\/uploads\/2025\/06\/IMG-20250513-WA0036-scaled.jpg)\">\n\t\t\t\t\t<\/div>\n\t\t\t\t\t\t\t\t<\/div>\n\t\t\t\t\t\t\t\t\t\t\t<div class=\"swiper-slide\">\n\t\t\t\t\t\t\t\t\t<div class=\"elementor-carousel-image\" style=\"background-image: url(https:\/\/melp.com.br\/wp-content\/uploads\/2025\/06\/IMG-20250513-WA0023-scaled.jpg)\">\n\t\t\t\t\t<\/div>\n\t\t\t\t\t\t\t\t<\/div>\n\t\t\t\t\t\t\t\t\t\t\t<div class=\"swiper-slide\">\n\t\t\t\t\t\t\t\t\t<div class=\"elementor-carousel-image\" style=\"background-image: url(https:\/\/melp.com.br\/wp-content\/uploads\/2025\/06\/43-Unidade-Termovacuo-conectada-ao-transformador-efetuando-tratamento-do-oleo-scaled.jpg)\">\n\t\t\t\t\t<\/div>\n\t\t\t\t\t\t\t\t<\/div>\n\t\t\t\t\t\t\t\t\t<\/div>\n\t\t\t\t\t\t\t\t\t\t\t\t\t\t\t<div class=\"swiper-pagination\"><\/div>\n\t\t\t\t\t\t\t\t\t\t\t\t\t\t\t\t<div class=\"elementor-swiper-button elementor-swiper-button-prev\">\n\t\t\t\t\t\t\t<svg aria-hidden=\"true\" class=\"e-font-icon-svg e-eicon-chevron-left\" viewBox=\"0 0 1000 1000\" xmlns=\"http:\/\/www.w3.org\/2000\/svg\"><path d=\"M646 125C629 125 613 133 604 142L308 442C296 454 292 471 292 487 292 504 296 521 308 533L604 854C617 867 629 875 646 875 663 875 679 871 692 858 704 846 713 829 713 812 713 796 708 779 692 767L438 487 692 225C700 217 708 204 708 187 708 171 704 154 692 142 675 129 663 125 646 125Z\"><\/path><\/svg>\t\t\t\t\t\t\t<span class=\"elementor-screen-only\">Previous<\/span>\n\t\t\t\t\t\t<\/div>\n\t\t\t\t\t\t<div class=\"elementor-swiper-button elementor-swiper-button-next\">\n\t\t\t\t\t\t\t<svg aria-hidden=\"true\" class=\"e-font-icon-svg e-eicon-chevron-right\" viewBox=\"0 0 1000 1000\" xmlns=\"http:\/\/www.w3.org\/2000\/svg\"><path d=\"M696 533C708 521 713 504 713 487 713 471 708 454 696 446L400 146C388 133 375 125 354 125 338 125 325 129 313 142 300 154 292 171 292 187 292 204 296 221 308 233L563 492 304 771C292 783 288 800 288 817 288 833 296 850 308 863 321 871 338 875 354 875 371 875 388 867 400 854L696 533Z\"><\/path><\/svg>\t\t\t\t\t\t\t<span class=\"elementor-screen-only\">Next<\/span>\n\t\t\t\t\t\t<\/div>\n\t\t\t\t\t\t\t\t\t\t\t\t<\/div>\n\t\t<\/div>\n\t\t\t\t\t\t<\/div>\n\t\t\t\t<\/div>\n\t\t\t\t<\/div>\n\t\t\t\t\t<\/div>\n\t\t\t\t<\/div>\n\t\t<div class=\"elementor-element elementor-element-3dce3763 e-flex e-con-boxed e-con e-parent\" data-id=\"3dce3763\" data-element_type=\"container\" data-e-type=\"container\" data-settings=\"{&quot;background_background&quot;:&quot;classic&quot;}\">\n\t\t\t\t\t<div class=\"e-con-inner\">\n\t\t\t\t<div class=\"elementor-element elementor-element-43632606 elementor-widget elementor-widget-heading\" data-id=\"43632606\" data-element_type=\"widget\" data-e-type=\"widget\" data-widget_type=\"heading.default\">\n\t\t\t\t\t<h3 class=\"elementor-heading-title elementor-size-default\">Fale agora com um especialista<\/h3>\t\t\t\t<\/div>\n\t\t\t\t<div class=\"elementor-element elementor-element-7dfad108 elementor-widget elementor-widget-button\" data-id=\"7dfad108\" data-element_type=\"widget\" data-e-type=\"widget\" data-widget_type=\"button.default\">\n\t\t\t\t\t\t\t\t\t\t<a class=\"elementor-button elementor-button-link elementor-size-sm\" href=\"#\">\n\t\t\t\t\t\t<span class=\"elementor-button-content-wrapper\">\n\t\t\t\t\t\t\t\t\t<span class=\"elementor-button-text\">Falar com especialista<\/span>\n\t\t\t\t\t<\/span>\n\t\t\t\t\t<\/a>\n\t\t\t\t\t\t\t\t<\/div>\n\t\t\t\t\t<\/div>\n\t\t\t\t<\/div>\n\t\t\t\t<\/div>\n\t\t","protected":false},"excerpt":{"rendered":"<p>manuten\u00e7\u00e3o de Subesta\u00e7\u00f5es Home \/ servi\u00e7os Melp engenharia manuten\u00e7\u00e3o de se A MELP Engenharia executa servi\u00e7os completos de manuten\u00e7\u00e3o preventiva e corretiva em subesta\u00e7\u00f5es de alta tens\u00e3o, garantindo a confiabilidade, a seguran\u00e7a e a durabilidade dos equipamentos. Atendemos rigorosamente \u00e0s normas t\u00e9cnicas e \u00e0s recomenda\u00e7\u00f5es dos fabricantes, com equipes especializadas e equipamentos de \u00faltima gera\u00e7\u00e3o. [&hellip;]<\/p>\n","protected":false},"author":1,"featured_media":0,"parent":0,"menu_order":0,"comment_status":"closed","ping_status":"closed","template":"elementor_header_footer","meta":{"footnotes":""},"class_list":["post-7202","page","type-page","status-publish","hentry"],"_links":{"self":[{"href":"https:\/\/melp.com.br\/index.php?rest_route=\/wp\/v2\/pages\/7202","targetHints":{"allow":["GET"]}}],"collection":[{"href":"https:\/\/melp.com.br\/index.php?rest_route=\/wp\/v2\/pages"}],"about":[{"href":"https:\/\/melp.com.br\/index.php?rest_route=\/wp\/v2\/types\/page"}],"author":[{"embeddable":true,"href":"https:\/\/melp.com.br\/index.php?rest_route=\/wp\/v2\/users\/1"}],"replies":[{"embeddable":true,"href":"https:\/\/melp.com.br\/index.php?rest_route=%2Fwp%2Fv2%2Fcomments&post=7202"}],"version-history":[{"count":12,"href":"https:\/\/melp.com.br\/index.php?rest_route=\/wp\/v2\/pages\/7202\/revisions"}],"predecessor-version":[{"id":7650,"href":"https:\/\/melp.com.br\/index.php?rest_route=\/wp\/v2\/pages\/7202\/revisions\/7650"}],"wp:attachment":[{"href":"https:\/\/melp.com.br\/index.php?rest_route=%2Fwp%2Fv2%2Fmedia&parent=7202"}],"curies":[{"name":"wp","href":"https:\/\/api.w.org\/{rel}","templated":true}]}}