{"id":7164,"date":"2025-05-19T17:57:32","date_gmt":"2025-05-19T20:57:32","guid":{"rendered":"https:\/\/melp.com.br\/?page_id=7164"},"modified":"2025-06-05T00:41:01","modified_gmt":"2025-06-05T03:41:01","slug":"linhas-de-transmissao","status":"publish","type":"page","link":"https:\/\/melp.com.br\/?page_id=7164","title":{"rendered":"Projetos"},"content":{"rendered":"\t\t<div data-elementor-type=\"wp-page\" data-elementor-id=\"7164\" class=\"elementor elementor-7164\">\n\t\t\t\t<div class=\"elementor-element elementor-element-72261603 e-flex e-con-boxed e-con e-parent\" data-id=\"72261603\" data-element_type=\"container\" data-e-type=\"container\" data-settings=\"{&quot;background_background&quot;:&quot;classic&quot;}\">\n\t\t\t\t\t<div class=\"e-con-inner\">\n\t\t\t\t<div class=\"elementor-element elementor-element-572c299a elementor-widget elementor-widget-heading\" data-id=\"572c299a\" data-element_type=\"widget\" data-e-type=\"widget\" data-widget_type=\"heading.default\">\n\t\t\t\t\t<h2 class=\"elementor-heading-title elementor-size-default\">linhas de transmiss\u00e3o <\/h2>\t\t\t\t<\/div>\n\t\t\t\t<div class=\"elementor-element elementor-element-714388ad elementor-widget elementor-widget-text-editor\" data-id=\"714388ad\" data-element_type=\"widget\" data-e-type=\"widget\" data-widget_type=\"text-editor.default\">\n\t\t\t\t\t\t\t\t\t<p><a href=\"#\">Home<\/a> \/ servi\u00e7os<\/p>\t\t\t\t\t\t\t\t<\/div>\n\t\t\t\t\t<\/div>\n\t\t\t\t<\/div>\n\t\t<div class=\"elementor-element elementor-element-d40c4af e-flex e-con-boxed e-con e-parent\" data-id=\"d40c4af\" data-element_type=\"container\" data-e-type=\"container\">\n\t\t\t\t\t<div class=\"e-con-inner\">\n\t\t<div class=\"elementor-element elementor-element-7f625c6 e-con-full e-flex e-con e-child\" data-id=\"7f625c6\" data-element_type=\"container\" data-e-type=\"container\">\n\t\t<div class=\"elementor-element elementor-element-d5045e5 e-con-full e-flex e-con e-child\" data-id=\"d5045e5\" data-element_type=\"container\" data-e-type=\"container\">\n\t\t<div class=\"elementor-element elementor-element-097025c e-con-full e-flex e-con e-child\" data-id=\"097025c\" data-element_type=\"container\" data-e-type=\"container\">\n\t\t<div class=\"elementor-element elementor-element-275ce9f e-con-full e-flex e-con e-child\" data-id=\"275ce9f\" data-element_type=\"container\" data-e-type=\"container\">\n\t\t<div class=\"elementor-element elementor-element-f12bee0 e-con-full e-flex e-con e-child\" data-id=\"f12bee0\" data-element_type=\"container\" data-e-type=\"container\">\n\t\t<div class=\"elementor-element elementor-element-d38db00 e-con-full e-flex e-con e-child\" data-id=\"d38db00\" data-element_type=\"container\" data-e-type=\"container\">\n\t\t\t\t<div class=\"elementor-element elementor-element-d03adfe elementor-widget elementor-widget-heading\" data-id=\"d03adfe\" data-element_type=\"widget\" data-e-type=\"widget\" data-widget_type=\"heading.default\">\n\t\t\t\t\t<div class=\"elementor-heading-title elementor-size-default\">Melp engenharia <\/div>\t\t\t\t<\/div>\n\t\t\t\t<div class=\"elementor-element elementor-element-ef82b9d animated-slow elementor-invisible elementor-widget elementor-widget-heading\" data-id=\"ef82b9d\" data-element_type=\"widget\" data-e-type=\"widget\" data-settings=\"{&quot;_animation&quot;:&quot;fadeInUp&quot;}\" data-widget_type=\"heading.default\">\n\t\t\t\t\t<h3 class=\"elementor-heading-title elementor-size-default\">constru\u00e7\u00e3o de linhas de transmiss\u00e3o<\/h3>\t\t\t\t<\/div>\n\t\t\t\t<div class=\"elementor-element elementor-element-b0091f1 elementor-vertical-align-middle elementor-widget elementor-widget-image-box\" data-id=\"b0091f1\" data-element_type=\"widget\" data-e-type=\"widget\" data-widget_type=\"image-box.default\">\n\t\t\t\t\t<div class=\"elementor-image-box-wrapper\"><div class=\"elementor-image-box-content\"><p class=\"elementor-image-box-description\">A MELP Engenharia executa obras completas de constru\u00e7\u00e3o de linhas de transmiss\u00e3o, desde o planejamento at\u00e9 a energiza\u00e7\u00e3o, atendendo rigorosamente \u00e0s normas e regulamenta\u00e7\u00f5es vigentes (NBR 5422, NBR 5423, NBR 15231, NBR 5356, entre outras), al\u00e9m das diretrizes de seguran\u00e7a do trabalho (NR-10, NR-35, etc.).\n<\/p><\/div><\/div>\t\t\t\t<\/div>\n\t\t\t\t<\/div>\n\t\t<div class=\"elementor-element elementor-element-121101f e-con-full e-grid e-con e-child\" data-id=\"121101f\" data-element_type=\"container\" data-e-type=\"container\">\n\t\t\t\t<div class=\"elementor-element elementor-element-87b99d1 elementor-view-default elementor-position-block-start elementor-mobile-position-block-start elementor-widget elementor-widget-icon-box\" data-id=\"87b99d1\" data-element_type=\"widget\" data-e-type=\"widget\" data-widget_type=\"icon-box.default\">\n\t\t\t\t\t\t\t<div class=\"elementor-icon-box-wrapper\">\n\n\t\t\t\t\t\t<div class=\"elementor-icon-box-icon\">\n\t\t\t\t<span  class=\"elementor-icon\">\n\t\t\t\t<i aria-hidden=\"true\" class=\"icon icon-file-1\"><\/i>\t\t\t\t<\/span>\n\t\t\t<\/div>\n\t\t\t\n\t\t\t\t\t\t<div class=\"elementor-icon-box-content\">\n\n\t\t\t\t\t\t\t\t\t<h4 class=\"elementor-icon-box-title\">\n\t\t\t\t\t\t<span  >\n\t\t\t\t\t\t\tEscopo Completo dos Servi\u00e7os\t\t\t\t\t\t<\/span>\n\t\t\t\t\t<\/h4>\n\t\t\t\t\n\t\t\t\t\t\t\t\t\t<p class=\"elementor-icon-box-description\">\n\t\t\t\t\t\t<p style=\"text-align: justify;line-height: 1.6;font-size: 16px\">\n  - Projetos e Engenharia\n\n\n<\/p>\n\n<p style=\"text-align: justify;line-height: 1.6;font-size: 16px\">\n  - Estudo de viabilidade t\u00e9cnica e econ\u00f4mica\n\n<\/p>\n\n<p style=\"text-align: justify;line-height: 1.6;font-size: 16px\">\n- Levantamento topogr\u00e1fico e geot\u00e9cnico de tra\u00e7ado.\n\n\n<\/p>\n\n<p style=\"text-align: justify;line-height: 1.6;font-size: 16px\">\n- Elabora\u00e7\u00e3o de projetos b\u00e1sicos e executivos, incluindo c\u00e1lculos estruturais e el\u00e9tricos.\n\n.\n\n<\/p>\n\n<p style=\"text-align: justify;line-height: 1.6;font-size: 16px\">\n- Testes de resist\u00eancia de aterramento e continuidade el\u00e9trica.\n\n\n<\/p>\n\n<\/p>\n\n<p style=\"text-align: justify;line-height: 1.6;font-size: 16px\">\n \n- Obten\u00e7\u00e3o de licen\u00e7as e autoriza\u00e7\u00f5es ambientais e fundi\u00e1rias.\n\n.\n\n<\/p>\n\t\t\t\t\t<\/p>\n\t\t\t\t\n\t\t\t<\/div>\n\t\t\t\n\t\t<\/div>\n\t\t\t\t\t\t<\/div>\n\t\t\t\t<div class=\"elementor-element elementor-element-3b39f25 elementor-view-default elementor-position-block-start elementor-mobile-position-block-start elementor-widget elementor-widget-icon-box\" data-id=\"3b39f25\" data-element_type=\"widget\" data-e-type=\"widget\" data-widget_type=\"icon-box.default\">\n\t\t\t\t\t\t\t<div class=\"elementor-icon-box-wrapper\">\n\n\t\t\t\t\t\t<div class=\"elementor-icon-box-icon\">\n\t\t\t\t<span  class=\"elementor-icon\">\n\t\t\t\t<i aria-hidden=\"true\" class=\"rtmicon-thin rtmicon-engineering\"><\/i>\t\t\t\t<\/span>\n\t\t\t<\/div>\n\t\t\t\n\t\t\t\t\t\t<div class=\"elementor-icon-box-content\">\n\n\t\t\t\t\t\t\t\t\t<h4 class=\"elementor-icon-box-title\">\n\t\t\t\t\t\t<span  >\n\t\t\t\t\t\t\tMontagem Eletromec\u00e2nica\t\t\t\t\t\t<\/span>\n\t\t\t\t\t<\/h4>\n\t\t\t\t\n\t\t\t\t\t\t\t\t\t<p class=\"elementor-icon-box-description\">\n\t\t\t\t\t\t<p style=\"text-align: justify;line-height: 1.6;font-size: 16px\">\n  - Montagem de torres met\u00e1licas, postes de concreto ou estruturas h\u00edbridas, com t\u00e9cnicas seguras e equipamentos de i\u00e7amento certificados.\n\n\n<\/p>\n\n<p style=\"text-align: justify;line-height: 1.6;font-size: 16px\">\n  - Lan\u00e7amento, esticamento e amarra\u00e7\u00e3o de cabos condutores, cabos para-raios e cabos OPGW.\n\n\n<\/p>\n\n\n<\/p>\n\n<p style=\"text-align: justify;line-height: 1.6;font-size: 16px\">\n  - Instala\u00e7\u00e3o de espa\u00e7adores, amortecedores de vibra\u00e7\u00e3o, isoladores e para-raios.\n\n<\/p>\n\n<\/p>\n\n<p style=\"text-align: justify;line-height: 1.6;font-size: 16px\">\n  - \nConex\u00e3o de cabos e acess\u00f3rios (terminais, conectores e parafusos de linha).\n\n\n<\/p>\n\n\n\n\t\t\t\t\t<\/p>\n\t\t\t\t\n\t\t\t<\/div>\n\t\t\t\n\t\t<\/div>\n\t\t\t\t\t\t<\/div>\n\t\t\t\t<div class=\"elementor-element elementor-element-926f5a0 elementor-view-default elementor-position-block-start elementor-mobile-position-block-start elementor-widget elementor-widget-icon-box\" data-id=\"926f5a0\" data-element_type=\"widget\" data-e-type=\"widget\" data-widget_type=\"icon-box.default\">\n\t\t\t\t\t\t\t<div class=\"elementor-icon-box-wrapper\">\n\n\t\t\t\t\t\t<div class=\"elementor-icon-box-icon\">\n\t\t\t\t<span  class=\"elementor-icon\">\n\t\t\t\t<i aria-hidden=\"true\" class=\"icon icon-cogwheel1\"><\/i>\t\t\t\t<\/span>\n\t\t\t<\/div>\n\t\t\t\n\t\t\t\t\t\t<div class=\"elementor-icon-box-content\">\n\n\t\t\t\t\t\t\t\t\t<h4 class=\"elementor-icon-box-title\">\n\t\t\t\t\t\t<span  >\n\t\t\t\t\t\t\tObras Civis\t\t\t\t\t\t<\/span>\n\t\t\t\t\t<\/h4>\n\t\t\t\t\n\t\t\t\t\t\t\t\t\t<p class=\"elementor-icon-box-description\">\n\t\t\t\t\t\t<p style=\"text-align: justify;line-height: 1.6;font-size: 16px\">\n- Abertura de faixas de servid\u00e3o e acessos para transporte de materiais e equipamentos.\n\n\n<\/p>\n\n<p style=\"text-align: justify;line-height: 1.6;font-size: 16px\">\n  - Execu\u00e7\u00e3o de funda\u00e7\u00f5es de torres, bases e demais estruturas (funda\u00e7\u00f5es diretas e indiretas\n<\/p>\n\n<p style=\"text-align: justify;line-height: 1.6;font-size: 16px\">\n  - Instala\u00e7\u00e3o de estais, contraventamentos e aterramentos espec\u00edficos.\n\n\n<\/p>\n\t\t\t\t\t<\/p>\n\t\t\t\t\n\t\t\t<\/div>\n\t\t\t\n\t\t<\/div>\n\t\t\t\t\t\t<\/div>\n\t\t\t\t<\/div>\n\t\t\t\t<div class=\"elementor-element elementor-element-c040ccd elementor-view-default elementor-position-block-start elementor-mobile-position-block-start elementor-widget elementor-widget-icon-box\" data-id=\"c040ccd\" data-element_type=\"widget\" data-e-type=\"widget\" data-widget_type=\"icon-box.default\">\n\t\t\t\t\t\t\t<div class=\"elementor-icon-box-wrapper\">\n\n\t\t\t\t\t\t<div class=\"elementor-icon-box-icon\">\n\t\t\t\t<span  class=\"elementor-icon\">\n\t\t\t\t<i aria-hidden=\"true\" class=\"icon icon-safety\"><\/i>\t\t\t\t<\/span>\n\t\t\t<\/div>\n\t\t\t\n\t\t\t\t\t\t<div class=\"elementor-icon-box-content\">\n\n\t\t\t\t\t\t\t\t\t<h4 class=\"elementor-icon-box-title\">\n\t\t\t\t\t\t<span  >\n\t\t\t\t\t\t\tEnsaios e Testes\t\t\t\t\t\t<\/span>\n\t\t\t\t\t<\/h4>\n\t\t\t\t\n\t\t\t\t\t\t\t\t\t<p class=\"elementor-icon-box-description\">\n\t\t\t\t\t\t<p style=\"text-align: justify;line-height: 1.6;font-size: 16px\">\n  - Medi\u00e7\u00e3o de resist\u00eancia \u00f4hmica de aterramento das torres.\n\n\n\n<\/p>\n\n<p style=\"text-align: justify;line-height: 1.6;font-size: 16px\">\n  - Verifica\u00e7\u00e3o de continuidade el\u00e9trica, torques e ajustes finais.\n\n<\/p>\n\n<\/p>\n\n<p style=\"text-align: justify;line-height: 1.6;font-size: 16px\">\n  - Inspe\u00e7\u00e3o visual e dimensional de toda a linha, incluindo ensaios de carga e verifica\u00e7\u00e3o de flechas e v\u00e3os.\n\n<\/p>\n\n\n<\/p>\n\n<p style=\"text-align: justify;line-height: 1.6;font-size: 16px\">\n  - Testes finais de energiza\u00e7\u00e3o e integra\u00e7\u00e3o com subesta\u00e7\u00f5es\n\n<\/p>\n\n\n\n\t\t\t\t\t<\/p>\n\t\t\t\t\n\t\t\t<\/div>\n\t\t\t\n\t\t<\/div>\n\t\t\t\t\t\t<\/div>\n\t\t\t\t<div class=\"elementor-element elementor-element-e347524 elementor-view-default elementor-position-block-start elementor-mobile-position-block-start elementor-widget elementor-widget-icon-box\" data-id=\"e347524\" data-element_type=\"widget\" data-e-type=\"widget\" data-widget_type=\"icon-box.default\">\n\t\t\t\t\t\t\t<div class=\"elementor-icon-box-wrapper\">\n\n\t\t\t\t\t\t<div class=\"elementor-icon-box-icon\">\n\t\t\t\t<span  class=\"elementor-icon\">\n\t\t\t\t<i aria-hidden=\"true\" class=\"icon icon-document\"><\/i>\t\t\t\t<\/span>\n\t\t\t<\/div>\n\t\t\t\n\t\t\t\t\t\t<div class=\"elementor-icon-box-content\">\n\n\t\t\t\t\t\t\t\t\t<h4 class=\"elementor-icon-box-title\">\n\t\t\t\t\t\t<span  >\n\t\t\t\t\t\t\tDocumenta\u00e7\u00e3o e Entrega T\u00e9cnica\t\t\t\t\t\t<\/span>\n\t\t\t\t\t<\/h4>\n\t\t\t\t\n\t\t\t\t\t\t\t\t\t<p class=\"elementor-icon-box-description\">\n\t\t\t\t\t\t<p style=\"text-align: justify;line-height: 1.6;font-size: 16px\">\n  - \nEmiss\u00e3o de relat\u00f3rios e laudos t\u00e9cnicos de todos os ensaios e inspe\u00e7\u00f5es\n\n\n\n<\/p>\n\n<p style=\"text-align: justify;line-height: 1.6;font-size: 16px\">\n  - Entrega de documenta\u00e7\u00e3o \u201cas built\u201d completa, ART e registro fotogr\u00e1fico das etapas.\n\n\n<\/p>\n\n<\/p>\n\n<p style=\"text-align: justify;line-height: 1.6;font-size: 16px\">\n  - Treinamento operacional e transfer\u00eancia de know-how ao cliente, se necess\u00e1rio.\n.\n\n<\/p>\n\n\n\t\t\t\t\t<\/p>\n\t\t\t\t\n\t\t\t<\/div>\n\t\t\t\n\t\t<\/div>\n\t\t\t\t\t\t<\/div>\n\t\t\t\t<\/div>\n\t\t<div class=\"elementor-element elementor-element-6e95506 e-con-full e-flex e-con e-child\" data-id=\"6e95506\" data-element_type=\"container\" data-e-type=\"container\">\n\t\t\t\t<div class=\"elementor-element elementor-element-15023f9 elementor-widget elementor-widget-image\" data-id=\"15023f9\" data-element_type=\"widget\" data-e-type=\"widget\" data-widget_type=\"image.default\">\n\t\t\t\t\t\t\t\t\t\t\t\t\t\t\t<img fetchpriority=\"high\" decoding=\"async\" width=\"800\" height=\"600\" src=\"https:\/\/melp.com.br\/wp-content\/uploads\/2025\/06\/WhatsApp-Image-2024-12-10-at-10.33.27-1024x768.jpeg\" class=\"attachment-large size-large wp-image-7412\" alt=\"\" srcset=\"https:\/\/melp.com.br\/wp-content\/uploads\/2025\/06\/WhatsApp-Image-2024-12-10-at-10.33.27-1024x768.jpeg 1024w, https:\/\/melp.com.br\/wp-content\/uploads\/2025\/06\/WhatsApp-Image-2024-12-10-at-10.33.27-300x225.jpeg 300w, https:\/\/melp.com.br\/wp-content\/uploads\/2025\/06\/WhatsApp-Image-2024-12-10-at-10.33.27-768x576.jpeg 768w, https:\/\/melp.com.br\/wp-content\/uploads\/2025\/06\/WhatsApp-Image-2024-12-10-at-10.33.27.jpeg 1280w\" sizes=\"(max-width: 800px) 100vw, 800px\" \/>\t\t\t\t\t\t\t\t\t\t\t\t\t\t\t<\/div>\n\t\t\t\t<div class=\"elementor-element elementor-element-9b815dc elementor-widget elementor-widget-image\" data-id=\"9b815dc\" data-element_type=\"widget\" data-e-type=\"widget\" data-widget_type=\"image.default\">\n\t\t\t\t\t\t\t\t\t\t\t\t\t\t\t<img decoding=\"async\" width=\"576\" height=\"1024\" src=\"https:\/\/melp.com.br\/wp-content\/uploads\/2025\/06\/TORRE-07-COLOCACAO-DE-FERRAGEM-02-576x1024.jpg\" class=\"attachment-large size-large wp-image-7413\" alt=\"\" srcset=\"https:\/\/melp.com.br\/wp-content\/uploads\/2025\/06\/TORRE-07-COLOCACAO-DE-FERRAGEM-02-576x1024.jpg 576w, https:\/\/melp.com.br\/wp-content\/uploads\/2025\/06\/TORRE-07-COLOCACAO-DE-FERRAGEM-02-169x300.jpg 169w, https:\/\/melp.com.br\/wp-content\/uploads\/2025\/06\/TORRE-07-COLOCACAO-DE-FERRAGEM-02.jpg 720w\" sizes=\"(max-width: 576px) 100vw, 576px\" \/>\t\t\t\t\t\t\t\t\t\t\t\t\t\t\t<\/div>\n\t\t\t\t<\/div>\n\t\t\t\t<\/div>\n\t\t\t\t<\/div>\n\t\t\t\t<\/div>\n\t\t\t\t<\/div>\n\t\t\t\t\t<\/div>\n\t\t\t\t<\/div>\n\t\t<div class=\"elementor-element elementor-element-085a439 e-flex e-con-boxed e-con e-parent\" data-id=\"085a439\" data-element_type=\"container\" data-e-type=\"container\">\n\t\t\t\t\t<div class=\"e-con-inner\">\n\t\t\t\t<div class=\"elementor-element elementor-element-e612e8c elementor-skin-coverflow elementor-arrows-yes elementor-pagination-type-bullets elementor-pagination-position-outside elementor-widget elementor-widget-media-carousel\" data-id=\"e612e8c\" data-element_type=\"widget\" data-e-type=\"widget\" data-settings=\"{&quot;skin&quot;:&quot;coverflow&quot;,&quot;show_arrows&quot;:&quot;yes&quot;,&quot;pagination&quot;:&quot;bullets&quot;,&quot;speed&quot;:500,&quot;autoplay&quot;:&quot;yes&quot;,&quot;autoplay_speed&quot;:5000,&quot;loop&quot;:&quot;yes&quot;,&quot;pause_on_hover&quot;:&quot;yes&quot;,&quot;pause_on_interaction&quot;:&quot;yes&quot;,&quot;space_between&quot;:{&quot;unit&quot;:&quot;px&quot;,&quot;size&quot;:10,&quot;sizes&quot;:[]},&quot;space_between_tablet&quot;:{&quot;unit&quot;:&quot;px&quot;,&quot;size&quot;:10,&quot;sizes&quot;:[]},&quot;space_between_mobile&quot;:{&quot;unit&quot;:&quot;px&quot;,&quot;size&quot;:10,&quot;sizes&quot;:[]}}\" data-widget_type=\"media-carousel.default\">\n\t\t\t\t<div class=\"elementor-widget-container\">\n\t\t\t\t\t\t\t<div class=\"elementor-swiper\">\n\t\t\t<div class=\"elementor-main-swiper swiper-container\">\n\t\t\t\t<div class=\"swiper-wrapper\">\n\t\t\t\t\t\t\t\t\t\t\t<div class=\"swiper-slide\">\n\t\t\t\t\t\t\t\t\t<div class=\"elementor-carousel-image\" style=\"background-image: url(https:\/\/melp.com.br\/wp-content\/uploads\/2025\/06\/WhatsApp-Image-2024-12-18-at-18.49.19.jpeg)\">\n\t\t\t\t\t<\/div>\n\t\t\t\t\t\t\t\t<\/div>\n\t\t\t\t\t\t\t\t\t\t\t<div class=\"swiper-slide\">\n\t\t\t\t\t\t\t\t\t<div class=\"elementor-carousel-image\" style=\"background-image: url(https:\/\/melp.com.br\/wp-content\/uploads\/2025\/06\/WhatsApp-Image-2024-12-17-at-18.12.51.jpeg)\">\n\t\t\t\t\t<\/div>\n\t\t\t\t\t\t\t\t<\/div>\n\t\t\t\t\t\t\t\t\t\t\t<div class=\"swiper-slide\">\n\t\t\t\t\t\t\t\t\t<div class=\"elementor-carousel-image\" style=\"background-image: url(https:\/\/melp.com.br\/wp-content\/uploads\/2025\/06\/WhatsApp-Image-2024-12-16-at-12.37.59.jpeg)\">\n\t\t\t\t\t<\/div>\n\t\t\t\t\t\t\t\t<\/div>\n\t\t\t\t\t\t\t\t\t\t\t<div class=\"swiper-slide\">\n\t\t\t\t\t\t\t\t\t<div class=\"elementor-carousel-image\" style=\"background-image: url(https:\/\/melp.com.br\/wp-content\/uploads\/2025\/06\/WhatsApp-Image-2024-12-10-at-10.33.27-1.jpeg)\">\n\t\t\t\t\t<\/div>\n\t\t\t\t\t\t\t\t<\/div>\n\t\t\t\t\t\t\t\t\t\t\t<div class=\"swiper-slide\">\n\t\t\t\t\t\t\t\t\t<div class=\"elementor-carousel-image\" style=\"background-image: url(https:\/\/melp.com.br\/wp-content\/uploads\/2025\/06\/TORRE-10-LANCAMENTO-CONDUTOR-FOTO-04-scaled.jpg)\">\n\t\t\t\t\t<\/div>\n\t\t\t\t\t\t\t\t<\/div>\n\t\t\t\t\t\t\t\t\t\t\t<div class=\"swiper-slide\">\n\t\t\t\t\t\t\t\t\t<div class=\"elementor-carousel-image\" style=\"background-image: url(https:\/\/melp.com.br\/wp-content\/uploads\/2025\/06\/TORRE-07-COLOCACAO-DE-STUB.jpg)\">\n\t\t\t\t\t<\/div>\n\t\t\t\t\t\t\t\t<\/div>\n\t\t\t\t\t\t\t\t\t<\/div>\n\t\t\t\t\t\t\t\t\t\t\t\t\t\t\t<div class=\"swiper-pagination\"><\/div>\n\t\t\t\t\t\t\t\t\t\t\t\t\t\t\t\t<div class=\"elementor-swiper-button elementor-swiper-button-prev\">\n\t\t\t\t\t\t\t<svg aria-hidden=\"true\" class=\"e-font-icon-svg e-eicon-chevron-left\" viewBox=\"0 0 1000 1000\" xmlns=\"http:\/\/www.w3.org\/2000\/svg\"><path d=\"M646 125C629 125 613 133 604 142L308 442C296 454 292 471 292 487 292 504 296 521 308 533L604 854C617 867 629 875 646 875 663 875 679 871 692 858 704 846 713 829 713 812 713 796 708 779 692 767L438 487 692 225C700 217 708 204 708 187 708 171 704 154 692 142 675 129 663 125 646 125Z\"><\/path><\/svg>\t\t\t\t\t\t\t<span class=\"elementor-screen-only\">Previous<\/span>\n\t\t\t\t\t\t<\/div>\n\t\t\t\t\t\t<div class=\"elementor-swiper-button elementor-swiper-button-next\">\n\t\t\t\t\t\t\t<svg aria-hidden=\"true\" class=\"e-font-icon-svg e-eicon-chevron-right\" viewBox=\"0 0 1000 1000\" xmlns=\"http:\/\/www.w3.org\/2000\/svg\"><path d=\"M696 533C708 521 713 504 713 487 713 471 708 454 696 446L400 146C388 133 375 125 354 125 338 125 325 129 313 142 300 154 292 171 292 187 292 204 296 221 308 233L563 492 304 771C292 783 288 800 288 817 288 833 296 850 308 863 321 871 338 875 354 875 371 875 388 867 400 854L696 533Z\"><\/path><\/svg>\t\t\t\t\t\t\t<span class=\"elementor-screen-only\">Next<\/span>\n\t\t\t\t\t\t<\/div>\n\t\t\t\t\t\t\t\t\t\t\t\t<\/div>\n\t\t<\/div>\n\t\t\t\t\t\t<\/div>\n\t\t\t\t<\/div>\n\t\t\t\t\t<\/div>\n\t\t\t\t<\/div>\n\t\t<div class=\"elementor-element elementor-element-3dce3763 e-flex e-con-boxed e-con e-parent\" data-id=\"3dce3763\" data-element_type=\"container\" data-e-type=\"container\" data-settings=\"{&quot;background_background&quot;:&quot;classic&quot;}\">\n\t\t\t\t\t<div class=\"e-con-inner\">\n\t\t\t\t<div class=\"elementor-element elementor-element-43632606 elementor-widget elementor-widget-heading\" data-id=\"43632606\" data-element_type=\"widget\" data-e-type=\"widget\" data-widget_type=\"heading.default\">\n\t\t\t\t\t<h3 class=\"elementor-heading-title elementor-size-default\">Fale agora com um especialista<\/h3>\t\t\t\t<\/div>\n\t\t\t\t<div class=\"elementor-element elementor-element-7dfad108 elementor-widget elementor-widget-button\" data-id=\"7dfad108\" data-element_type=\"widget\" data-e-type=\"widget\" data-widget_type=\"button.default\">\n\t\t\t\t\t\t\t\t\t\t<a class=\"elementor-button elementor-button-link elementor-size-sm\" href=\"#\">\n\t\t\t\t\t\t<span class=\"elementor-button-content-wrapper\">\n\t\t\t\t\t\t\t\t\t<span class=\"elementor-button-text\">Falar com especialista<\/span>\n\t\t\t\t\t<\/span>\n\t\t\t\t\t<\/a>\n\t\t\t\t\t\t\t\t<\/div>\n\t\t\t\t\t<\/div>\n\t\t\t\t<\/div>\n\t\t\t\t<\/div>\n\t\t","protected":false},"excerpt":{"rendered":"<p>linhas de transmiss\u00e3o Home \/ servi\u00e7os Melp engenharia constru\u00e7\u00e3o de linhas de transmiss\u00e3o A MELP Engenharia executa obras completas de constru\u00e7\u00e3o de linhas de transmiss\u00e3o, desde o planejamento at\u00e9 a energiza\u00e7\u00e3o, atendendo rigorosamente \u00e0s normas e regulamenta\u00e7\u00f5es vigentes (NBR 5422, NBR 5423, NBR 15231, NBR 5356, entre outras), al\u00e9m das diretrizes de seguran\u00e7a do trabalho [&hellip;]<\/p>\n","protected":false},"author":1,"featured_media":0,"parent":0,"menu_order":0,"comment_status":"closed","ping_status":"closed","template":"elementor_header_footer","meta":{"footnotes":""},"class_list":["post-7164","page","type-page","status-publish","hentry"],"_links":{"self":[{"href":"https:\/\/melp.com.br\/index.php?rest_route=\/wp\/v2\/pages\/7164","targetHints":{"allow":["GET"]}}],"collection":[{"href":"https:\/\/melp.com.br\/index.php?rest_route=\/wp\/v2\/pages"}],"about":[{"href":"https:\/\/melp.com.br\/index.php?rest_route=\/wp\/v2\/types\/page"}],"author":[{"embeddable":true,"href":"https:\/\/melp.com.br\/index.php?rest_route=\/wp\/v2\/users\/1"}],"replies":[{"embeddable":true,"href":"https:\/\/melp.com.br\/index.php?rest_route=%2Fwp%2Fv2%2Fcomments&post=7164"}],"version-history":[{"count":16,"href":"https:\/\/melp.com.br\/index.php?rest_route=\/wp\/v2\/pages\/7164\/revisions"}],"predecessor-version":[{"id":7656,"href":"https:\/\/melp.com.br\/index.php?rest_route=\/wp\/v2\/pages\/7164\/revisions\/7656"}],"wp:attachment":[{"href":"https:\/\/melp.com.br\/index.php?rest_route=%2Fwp%2Fv2%2Fmedia&parent=7164"}],"curies":[{"name":"wp","href":"https:\/\/api.w.org\/{rel}","templated":true}]}}